{"id":47,"date":"2012-09-24T16:19:53","date_gmt":"2012-09-24T14:19:53","guid":{"rendered":"http:\/\/wordpress.bodo-bolten.de\/?page_id=47"},"modified":"2012-12-19T15:06:18","modified_gmt":"2012-12-19T13:06:18","slug":"luftungsbau","status":"publish","type":"page","link":"https:\/\/www.bodo-bolten.de\/index.php\/leistungsbereiche\/luftungsbau","title":{"rendered":"L\u00fcftungsbau"},"content":{"rendered":"<h1>L\u00fcftungsbau<\/h1>\n<p>Be- und Entl\u00fcftung von:<\/p>\n<ul>\n<li>Arbeitspl\u00e4tzen<\/li>\n<li>Verkaufsr\u00e4umen<\/li>\n<li>Maschinen<\/li>\n<li>sowie Klein- und Gro\u00dfk\u00fcchen<\/li>\n<\/ul>\n<h2>Wir beraten Sie gerne individuell in Ihren R\u00e4umen vor Ort<br \/>\noder Sie besuchen uns einfach, nach Terminabsprache, in unserem B\u00fcro.<\/h2>\n","protected":false},"excerpt":{"rendered":"<p>L\u00fcftungsbau Be- und Entl\u00fcftung von: Arbeitspl\u00e4tzen Verkaufsr\u00e4umen Maschinen sowie Klein- und Gro\u00dfk\u00fcchen Wir beraten Sie gerne individuell in Ihren R\u00e4umen vor Ort oder Sie besuchen uns einfach, nach Terminabsprache, in unserem B\u00fcro.<\/p>\n","protected":false},"author":1,"featured_media":68,"parent":2,"menu_order":4,"comment_status":"open","ping_status":"open","template":"","meta":{"footnotes":""},"class_list":["post-47","page","type-page","status-publish","has-post-thumbnail","hentry"],"publishpress_future_action":{"enabled":false,"date":"2026-05-11 10:03:59","action":"change-status","newStatus":"draft","terms":[],"taxonomy":"","extraData":[]},"publishpress_future_workflow_manual_trigger":{"enabledWorkflows":[]},"_links":{"self":[{"href":"https:\/\/www.bodo-bolten.de\/index.php\/wp-json\/wp\/v2\/pages\/47","targetHints":{"allow":["GET"]}}],"collection":[{"href":"https:\/\/www.bodo-bolten.de\/index.php\/wp-json\/wp\/v2\/pages"}],"about":[{"href":"https:\/\/www.bodo-bolten.de\/index.php\/wp-json\/wp\/v2\/types\/page"}],"author":[{"embeddable":true,"href":"https:\/\/www.bodo-bolten.de\/index.php\/wp-json\/wp\/v2\/users\/1"}],"replies":[{"embeddable":true,"href":"https:\/\/www.bodo-bolten.de\/index.php\/wp-json\/wp\/v2\/comments?post=47"}],"version-history":[{"count":8,"href":"https:\/\/www.bodo-bolten.de\/index.php\/wp-json\/wp\/v2\/pages\/47\/revisions"}],"predecessor-version":[{"id":66,"href":"https:\/\/www.bodo-bolten.de\/index.php\/wp-json\/wp\/v2\/pages\/47\/revisions\/66"}],"up":[{"embeddable":true,"href":"https:\/\/www.bodo-bolten.de\/index.php\/wp-json\/wp\/v2\/pages\/2"}],"wp:featuredmedia":[{"embeddable":true,"href":"https:\/\/www.bodo-bolten.de\/index.php\/wp-json\/wp\/v2\/media\/68"}],"wp:attachment":[{"href":"https:\/\/www.bodo-bolten.de\/index.php\/wp-json\/wp\/v2\/media?parent=47"}],"curies":[{"name":"wp","href":"https:\/\/api.w.org\/{rel}","templated":true}]}}