{"id":105,"date":"2012-09-24T22:30:55","date_gmt":"2012-09-24T20:30:55","guid":{"rendered":"http:\/\/wordpress.bodo-bolten.de\/?page_id=105"},"modified":"2021-08-04T15:11:17","modified_gmt":"2021-08-04T13:11:17","slug":"rohr-und-kanalreinigung","status":"publish","type":"page","link":"https:\/\/www.bodo-bolten.de\/index.php\/leistungsbereiche\/rohr-und-kanalreinigung","title":{"rendered":"Rohr- und Kanalreinigung"},"content":{"rendered":"<h1>Rohr- und Kanalreinigung<\/h1>\n<h3>Unser Leistungsspektrum:<\/h3>\n<div style=\"margin-bottom: 20px; float: left;\"><img loading=\"lazy\" decoding=\"async\" class=\"alignleft size-full\" title=\"Rohr- und Kanalreinigung\" src=\"https:\/\/www.bodo-bolten.de\/wp-content\/uploads\/transporter-innenansicht.jpg\" alt=\"\" width=\"340\" height=\"400\" style=\"margin-left:10px;\" \/><\/div>\n<h2>Rohr- und Kanalreinigung<\/h2>\n<p>Im h\u00e4uslichen Bereich ebenso wie im Industrie-, Hotel-, Gastst\u00e4tten- und Warenhausbereich.<br \/>\nMit elektromechanischem Pr\u00e4zisionswerkzeug wird jede Verstopfung oder Verschmutzung in k\u00fcrzester Zeit von unserem geschulten Team beseitigt<\/p>\n<h2>Hochdrucksp\u00fclarbeiten<\/h2>\n<p>Wir reinigen Abfl\u00fcsse und Kan\u00e4le aller Gr\u00f6\u00dfenordnungen in privaten, gewerblichen und kommunalen Bereichen von Fremdstoffen wie z. B. Wurzeln, Feststoffablagerungen, Betonr\u00fcckst\u00e4nden und anderen Abflusshindernissen.<\/p>\n<p><br style=\"clear:both;\"><\/p>\n<div style=\"margin-bottom: 120px; float: left;\">\n<p><img loading=\"lazy\" decoding=\"async\" class=\"alignleft size-full\" title=\"Rohr- und Kanalreinigung\" src=\"https:\/\/www.bodo-bolten.de\/wp-content\/uploads\/transporter-seite.jpg\" alt=\"\" width=\"340\" height=\"187\" style=\"margin-left:0px; margin-right:10px;\" \/><\/div>\n<h2>Unser Unternehmen ist zertifiziert laut Fachverband NRW.<br \/>\nWir beraten Sie gern.<\/h2>\n","protected":false},"excerpt":{"rendered":"<p>Rohr- und Kanalreinigung Unser Leistungsspektrum: Rohr- und Kanalreinigung Im h\u00e4uslichen Bereich ebenso wie im Industrie-, Hotel-, Gastst\u00e4tten- und Warenhausbereich. Mit elektromechanischem Pr\u00e4zisionswerkzeug wird jede Verstopfung oder Verschmutzung in k\u00fcrzester Zeit von unserem geschulten Team beseitigt Hochdrucksp\u00fclarbeiten Wir reinigen Abfl\u00fcsse und Kan\u00e4le aller Gr\u00f6\u00dfenordnungen in privaten, gewerblichen und kommunalen Bereichen von Fremdstoffen wie z. B. Wurzeln, [&hellip;]<\/p>\n","protected":false},"author":1,"featured_media":1323,"parent":2,"menu_order":7,"comment_status":"open","ping_status":"open","template":"page_artikel7.php","meta":{"footnotes":""},"class_list":["post-105","page","type-page","status-publish","has-post-thumbnail","hentry"],"publishpress_future_action":{"enabled":false,"date":"2026-04-18 13:01:54","action":"change-status","newStatus":"draft","terms":[],"taxonomy":"","extraData":[]},"publishpress_future_workflow_manual_trigger":{"enabledWorkflows":[]},"_links":{"self":[{"href":"https:\/\/www.bodo-bolten.de\/index.php\/wp-json\/wp\/v2\/pages\/105","targetHints":{"allow":["GET"]}}],"collection":[{"href":"https:\/\/www.bodo-bolten.de\/index.php\/wp-json\/wp\/v2\/pages"}],"about":[{"href":"https:\/\/www.bodo-bolten.de\/index.php\/wp-json\/wp\/v2\/types\/page"}],"author":[{"embeddable":true,"href":"https:\/\/www.bodo-bolten.de\/index.php\/wp-json\/wp\/v2\/users\/1"}],"replies":[{"embeddable":true,"href":"https:\/\/www.bodo-bolten.de\/index.php\/wp-json\/wp\/v2\/comments?post=105"}],"version-history":[{"count":45,"href":"https:\/\/www.bodo-bolten.de\/index.php\/wp-json\/wp\/v2\/pages\/105\/revisions"}],"predecessor-version":[{"id":1340,"href":"https:\/\/www.bodo-bolten.de\/index.php\/wp-json\/wp\/v2\/pages\/105\/revisions\/1340"}],"up":[{"embeddable":true,"href":"https:\/\/www.bodo-bolten.de\/index.php\/wp-json\/wp\/v2\/pages\/2"}],"wp:featuredmedia":[{"embeddable":true,"href":"https:\/\/www.bodo-bolten.de\/index.php\/wp-json\/wp\/v2\/media\/1323"}],"wp:attachment":[{"href":"https:\/\/www.bodo-bolten.de\/index.php\/wp-json\/wp\/v2\/media?parent=105"}],"curies":[{"name":"wp","href":"https:\/\/api.w.org\/{rel}","templated":true}]}}